{"id":6,"date":"2018-12-17T13:45:54","date_gmt":"2018-12-17T11:45:54","guid":{"rendered":"http:\/\/www.mphuolto.fi\/?page_id=6"},"modified":"2019-08-15T19:27:56","modified_gmt":"2019-08-15T16:27:56","slug":"mp-huolto","status":"publish","type":"page","link":"https:\/\/www.mphuolto.fi\/","title":{"rendered":"MP-Huolto"},"content":{"rendered":"<p>[et_pb_section fb_built=&#8221;1&#8243; _builder_version=&#8221;3.18.7&#8243;][et_pb_row make_fullwidth=&#8221;on&#8221; custom_padding=&#8221;0px||0px&#8221; _builder_version=&#8221;3.18.7&#8243; background_color=&#8221;#ffffff&#8221;][et_pb_column type=&#8221;4_4&#8243; _builder_version=&#8221;3.18.7&#8243; parallax=&#8221;off&#8221; parallax_method=&#8221;on&#8221;][et_pb_slider _builder_version=&#8221;3.18.7&#8243; custom_padding=&#8221;15vw||15vw&#8221; auto=&#8221;on&#8221;][et_pb_slide _builder_version=&#8221;3.18.7&#8243; background_image=&#8221;http:\/\/www.mphuolto.fi\/wp-content\/uploads\/2018\/12\/mp-huolto-kansikuva-rc.jpg&#8221;][\/et_pb_slide][et_pb_slide _builder_version=&#8221;3.18.7&#8243; background_image=&#8221;http:\/\/www.mphuolto.fi\/wp-content\/uploads\/2018\/12\/mp-huolto-kansikuva-rata.jpg&#8221; parallax=&#8221;on&#8221;][\/et_pb_slide][et_pb_slide _builder_version=&#8221;3.18.7&#8243; background_image=&#8221;http:\/\/www.mphuolto.fi\/wp-content\/uploads\/2018\/12\/mp-huolto-kansikuva-jaarata.jpg&#8221; parallax=&#8221;on&#8221;][\/et_pb_slide][et_pb_slide _builder_version=&#8221;3.18.7&#8243; background_image=&#8221;http:\/\/www.mphuolto.fi\/wp-content\/uploads\/2018\/12\/MP-huolto-kansikuva-moottorikelkka.jpg&#8221;][\/et_pb_slide][\/et_pb_slider][\/et_pb_column][\/et_pb_row][\/et_pb_section][et_pb_section fb_built=&#8221;1&#8243; _builder_version=&#8221;3.18.7&#8243;][et_pb_row _builder_version=&#8221;3.18.7&#8243;][et_pb_column type=&#8221;4_4&#8243; _builder_version=&#8221;3.18.7&#8243; parallax=&#8221;off&#8221; parallax_method=&#8221;on&#8221;][et_pb_text _builder_version=&#8221;3.18.7&#8243; text_font=&#8221;||||||||&#8221; text_font_size=&#8221;16px&#8221; text_line_height=&#8221;1.8em&#8221; header_font=&#8221;Francois One||||||||&#8221; header_text_align=&#8221;center&#8221; header_text_color=&#8221;#d1a054&#8243; header_font_size=&#8221;70px&#8221; header_font_size_phone=&#8221;45px&#8221; header_font_size_last_edited=&#8221;on|phone&#8221; header_2_font=&#8221;Francois One||||||||&#8221; header_2_text_align=&#8221;center&#8221; header_2_text_color=&#8221;#d1a054&#8243; header_2_font_size=&#8221;37px&#8221; header_2_font_size_phone=&#8221;20px&#8221; header_2_font_size_last_edited=&#8221;on|phone&#8221; custom_margin=&#8221;|15px||15px&#8221;]<\/p>\n<h1>MP-HUOLTO JARKKO HONKANEN<\/h1>\n<h2>iskunvaimentimien erikoisosaamista kaikkiin olosuhteisiin!<\/h2>\n<p>&nbsp;<\/p>\n<p>Vuosien kokemus iskunvaimenninty\u00f6st\u00e4. Iskunvaimentimien tutkimus- ja s\u00e4\u00e4t\u00f6ty\u00f6st\u00e4 tiedonkeruuta ja dynamometri\u00e4 k\u00e4ytt\u00e4en, sek\u00e4 radalla, on tuonut meille vahvan kokemus- ja tietopohjan vaativiinkin iskunvaimennukseen liittyviin t\u00f6ihin. Tietenkin juuri sinulle sopivien iskunvaimentimien s\u00e4\u00e4t\u00e4miseen, muuttamiseen ja myyntiin.<\/p>\n<p>[\/et_pb_text][et_pb_button button_url=&#8221;#yhteystiedot&#8221; button_text=&#8221;OTA YHTEYTT\u00c4&#8221; button_alignment=&#8221;center&#8221; _builder_version=&#8221;3.18.7&#8243; custom_button=&#8221;on&#8221; button_text_size=&#8221;21px&#8221; button_text_color=&#8221;#d1a054&#8243; button_font=&#8221;||||||||&#8221;][\/et_pb_button][\/et_pb_column][\/et_pb_row][\/et_pb_section][et_pb_section fb_built=&#8221;1&#8243; _builder_version=&#8221;3.18.7&#8243;][et_pb_row module_id=&#8221;iskunvaimentimet&#8221; _builder_version=&#8221;3.18.7&#8243;][et_pb_column type=&#8221;4_4&#8243; _builder_version=&#8221;3.18.7&#8243; parallax=&#8221;off&#8221; parallax_method=&#8221;on&#8221;][et_pb_text _builder_version=&#8221;3.18.7&#8243; header_font=&#8221;Francois One||||||||&#8221; header_text_align=&#8221;center&#8221; header_text_color=&#8221;#d1a054&#8243; header_font_size=&#8221;46px&#8221; header_font_size_phone=&#8221;35px&#8221; header_font_size_last_edited=&#8221;on|phone&#8221;]<\/p>\n<h1 style=\"text-align: center;\">ISKUNVAIMENTIMET<\/h1>\n<p>[\/et_pb_text][\/et_pb_column][\/et_pb_row][et_pb_row _builder_version=&#8221;3.18.7&#8243;][et_pb_column type=&#8221;1_4&#8243; _builder_version=&#8221;3.18.7&#8243; parallax=&#8221;off&#8221; parallax_method=&#8221;on&#8221;][et_pb_text _builder_version=&#8221;3.18.7&#8243; text_font=&#8221;||||||||&#8221; text_font_size=&#8221;16px&#8221; header_font=&#8221;||||||||&#8221; header_3_font=&#8221;Francois One||||||||&#8221; header_3_text_color=&#8221;#d1a054&#8243; header_3_font_size=&#8221;32px&#8221;]<\/p>\n<h3 style=\"text-align: center;\"><strong>MYYNTI<\/strong><\/h3>\n<p>Meilt\u00e4 l\u00f6yd\u00e4t juuri sinulle sopivat iskunvaimentimet kaikkiin kaksipy\u00f6r\u00e4isiin, sek\u00e4 moottorikelkkoihin. Yksitt\u00e4iset iskunvaimentimet sek\u00e4 alustakokonaisuudet \u2013 vakiona tai r\u00e4\u00e4t\u00e4l\u00f6idysti s\u00e4\u00e4dettyn\u00e4.<\/p>\n<p><strong>Moottorikelkkoihin:<\/strong> Totaltek.<\/p>\n<p><strong>Mootoripy\u00f6riin:<\/strong> Totaltek, Traktive, Touratech, Bitubo, \u00d6hlins.<\/p>\n<p>[\/et_pb_text][\/et_pb_column][et_pb_column type=&#8221;1_4&#8243; _builder_version=&#8221;3.18.7&#8243; parallax=&#8221;off&#8221; parallax_method=&#8221;on&#8221;][et_pb_text _builder_version=&#8221;3.18.7&#8243; text_font=&#8221;||||||||&#8221; text_font_size=&#8221;16px&#8221; header_font=&#8221;||||||||&#8221; header_3_font=&#8221;Francois One||||||||&#8221; header_3_text_align=&#8221;center&#8221; header_3_text_color=&#8221;#d1a054&#8243; header_3_font_size=&#8221;32px&#8221;]<\/p>\n<h3><strong>HUOLTO<\/strong><\/h3>\n<p>Huollamme l\u00e4hes kaikkien merkkien iskunvaimentimia: sek\u00e4 perushuoltoja ett\u00e4 vaativampia huolto- ja korjaust\u00f6it\u00e4. Vuosien kokemus ja laaja tieto sek\u00e4 osavalikoima mahdollistavat joustavan palvelun.<\/p>\n<p><strong>\u00a0<\/strong><\/p>\n<p>[\/et_pb_text][\/et_pb_column][et_pb_column type=&#8221;1_4&#8243; _builder_version=&#8221;3.18.7&#8243; parallax=&#8221;off&#8221; parallax_method=&#8221;on&#8221;][et_pb_text _builder_version=&#8221;3.18.7&#8243; text_font=&#8221;||||||||&#8221; text_font_size=&#8221;16px&#8221; header_font=&#8221;||||||||&#8221; header_text_color=&#8221;#d1a054&#8243; header_3_font=&#8221;Francois One||||||||&#8221; header_3_text_align=&#8221;center&#8221; header_3_text_color=&#8221;#d1a054&#8243; header_3_font_size=&#8221;32px&#8221;]<\/p>\n<h3 style=\"text-align: center;\"><strong>S\u00c4\u00c4T\u00d6TY\u00d6T<\/strong><\/h3>\n<p>\u00a0S\u00e4\u00e4d\u00e4mme vuosien kokemuksella iskunvaimennuksen juuri sinulle sopivaksi. Meill\u00e4 on k\u00e4yt\u00f6ss\u00e4mme vuosien tietotaito ja kokemus, sek\u00e4 t\u00e4sm\u00e4lliset tutkimustulokset ja s\u00e4\u00e4t\u00f6tiedot mm. tiedonkeruuta ja dynamometritestausta k\u00e4ytt\u00e4en jo l\u00e4hes kymmenen vuoden ajan.<\/p>\n<p>Olemme rakentaneet mm. menestyneit\u00e4 j\u00e4\u00e4rata- ja road racing-, sek\u00e4 katupy\u00f6rien alustakokonaisuuksia. Teemme jatkuvasti aktiivista kehitys- testaus- ja tutkimusty\u00f6t\u00e4 jotta pysymme jatkuvasti mukana asiakkaiden tarpeissa.<strong><\/strong><\/p>\n<p>[\/et_pb_text][et_pb_button button_url=&#8221;http:\/\/www.mphuolto.fi\/index.php\/hinnasto\/?et_fb=1&#8243; button_text=&#8221;Hinnasto&#8221; button_alignment=&#8221;center&#8221; _builder_version=&#8221;3.18.7&#8243; custom_button=&#8221;on&#8221; button_text_color=&#8221;#d1a054&#8243; button_font=&#8221;||||||||&#8221;][\/et_pb_button][\/et_pb_column][et_pb_column type=&#8221;1_4&#8243; _builder_version=&#8221;3.18.7&#8243; parallax=&#8221;off&#8221; parallax_method=&#8221;on&#8221;][et_pb_text _builder_version=&#8221;3.18.7&#8243; text_font=&#8221;||||||||&#8221; text_font_size=&#8221;16px&#8221; header_font=&#8221;||||||||&#8221; header_3_font=&#8221;Francois One||||||||&#8221; header_3_text_align=&#8221;center&#8221; header_3_text_color=&#8221;#d1a054&#8243; header_3_font_size=&#8221;32px&#8221;]<\/p>\n<h3 style=\"text-align: center;\"><strong>RACING SERVICE<\/strong><\/h3>\n<p>Tarvittaessa voit tilata meilt\u00e4 Racing Servicen kilpailupaikalle tai ratap\u00e4iville. Kilpakuljettaja tai kilpatiimi voi vuokrata vaimentimet tai t\u00e4yden alustapalvelun, joko yksitt\u00e4iseen kilpailuun tai koko kaudeksi.<\/p>\n<p><strong><em>Kysy lis\u00e4\u00e4 Jarkolta!<\/em><\/strong><\/p>\n<p>[\/et_pb_text][\/et_pb_column][\/et_pb_row][\/et_pb_section][et_pb_section fb_built=&#8221;1&#8243; _builder_version=&#8221;3.18.7&#8243;][et_pb_row module_id=&#8221;moottoripyorienhuolto&#8221; _builder_version=&#8221;3.18.7&#8243;][et_pb_column type=&#8221;4_4&#8243; _builder_version=&#8221;3.18.7&#8243; parallax=&#8221;off&#8221; parallax_method=&#8221;on&#8221;][et_pb_text _builder_version=&#8221;3.18.7&#8243; header_font=&#8221;Francois One||||||||&#8221; header_text_align=&#8221;center&#8221; header_text_color=&#8221;#d1a054&#8243; header_font_size=&#8221;46px&#8221; header_font_size_phone=&#8221;35px&#8221; header_font_size_last_edited=&#8221;on|phone&#8221;]<\/p>\n<h1>MOOTTORIPY\u00d6RIEN HUOLTO<\/h1>\n<p>[\/et_pb_text][\/et_pb_column][\/et_pb_row][et_pb_row custom_margin=&#8221;|||&#8221; _builder_version=&#8221;3.18.7&#8243;][et_pb_column type=&#8221;1_2&#8243; _builder_version=&#8221;3.18.7&#8243; parallax=&#8221;off&#8221; parallax_method=&#8221;on&#8221;][et_pb_text _builder_version=&#8221;3.18.7&#8243; text_font=&#8221;||||||||&#8221; text_font_size=&#8221;16px&#8221; header_font=&#8221;||||||||&#8221; header_3_font=&#8221;Francois One|700|||||||&#8221; header_3_text_align=&#8221;center&#8221; header_3_text_color=&#8221;#d1a054&#8243; header_3_font_size=&#8221;32px&#8221;]<\/p>\n<h3>KATUMOOTTORIPY\u00d6RIEN HUOLTOTY\u00d6T<\/h3>\n<p>Teemme nopeasti katumoottoripy\u00f6rien perushuollot \u2013 sek\u00e4 kev\u00e4t ett\u00e4 syyshuollot ja tavalliset \u00f6ljynvaihdot.<\/p>\n<p>[\/et_pb_text][\/et_pb_column][et_pb_column type=&#8221;1_2&#8243; _builder_version=&#8221;3.18.7&#8243; parallax=&#8221;off&#8221; parallax_method=&#8221;on&#8221;][et_pb_text _builder_version=&#8221;3.18.7&#8243; text_font=&#8221;||||||||&#8221; text_font_size=&#8221;16px&#8221; header_font=&#8221;||||||||&#8221; header_3_font=&#8221;Francois One|700|||||||&#8221; header_3_text_align=&#8221;center&#8221; header_3_text_color=&#8221;#d1a054&#8243; header_3_font_size=&#8221;32px&#8221;]<\/p>\n<h3><strong>VAATIVAT 1-SYLINTERISTEN MOOTTORIEN HUOLTOTY\u00d6T<\/strong><\/h3>\n<p>Yksisylinteristen moottoripy\u00f6rien moottoriremontit, sek\u00e4 mm. kiertokangen vaihdot ja kampiakselin inertian muutokset.<\/p>\n<p>[\/et_pb_text][et_pb_button button_url=&#8221;http:\/\/www.mphuolto.fi\/index.php\/hinnasto\/?et_fb=1&#8243; button_text=&#8221;Hinnasto&#8221; button_alignment=&#8221;center&#8221; _builder_version=&#8221;3.18.7&#8243; custom_button=&#8221;on&#8221; button_text_color=&#8221;#d1a054&#8243; button_font=&#8221;||||||||&#8221;][\/et_pb_button][\/et_pb_column][\/et_pb_row][\/et_pb_section][et_pb_section fb_built=&#8221;1&#8243; _builder_version=&#8221;3.18.7&#8243;][et_pb_row module_id=&#8221;moottoripyorienrenkaat&#8221; _builder_version=&#8221;3.18.7&#8243;][et_pb_column type=&#8221;4_4&#8243; _builder_version=&#8221;3.18.7&#8243; parallax=&#8221;off&#8221; parallax_method=&#8221;on&#8221;][et_pb_text _builder_version=&#8221;3.18.7&#8243; text_font=&#8221;||||||||&#8221; text_font_size=&#8221;16px&#8221; header_font=&#8221;Francois One||||||||&#8221; header_text_align=&#8221;center&#8221; header_text_color=&#8221;#d1a054&#8243; header_font_size=&#8221;46px&#8221; header_font_size_phone=&#8221;35px&#8221; header_font_size_last_edited=&#8221;on|phone&#8221; custom_margin=&#8221;|-1px||15px&#8221;]<\/p>\n<h1 style=\"text-align: center;\"><strong>MOOTTORIPY\u00d6RIEN RENKAAT<\/strong><\/h1>\n<p>Meilt\u00e4 saat k\u00e4tev\u00e4sti kaikki katumoottoripy\u00f6rien renkaat, sek\u00e4 maastomoottoripy\u00f6rien renkaat &#8211; kilpailukykyiseen hintaan, joko alle vaihdettuna, vanteelle pujotettuna tai vain renkaan paketissa. Edustamamme merkit ovat Bridgestone, Dunlop, Mezeler, Pirelli, Michelin<\/p>\n<p>[\/et_pb_text][\/et_pb_column][\/et_pb_row][\/et_pb_section][et_pb_section fb_built=&#8221;1&#8243; _builder_version=&#8221;3.18.7&#8243;][et_pb_row module_id=&#8221;vaativathitsaustyot&#8221; _builder_version=&#8221;3.18.7&#8243;][et_pb_column type=&#8221;4_4&#8243; _builder_version=&#8221;3.18.7&#8243; parallax=&#8221;off&#8221; parallax_method=&#8221;on&#8221;][et_pb_text _builder_version=&#8221;3.18.7&#8243; text_font=&#8221;||||||||&#8221; text_font_size=&#8221;17px&#8221; header_font=&#8221;Francois One||||||||&#8221; header_text_align=&#8221;center&#8221; header_text_color=&#8221;#d1a054&#8243; header_font_size=&#8221;46px&#8221; header_font_size_phone=&#8221;35px&#8221; header_font_size_last_edited=&#8221;on|phone&#8221;]<\/p>\n<h1 style=\"text-align: center;\"><strong>VAATIVAT HITSAUSTY\u00d6T<\/strong><\/h1>\n<p style=\"text-align: center;\">Teemme ammattitaidolla ja kokemuksella korjaushitsauksia kaikille hitsattaville metalleille.<\/p>\n<p>[\/et_pb_text][\/et_pb_column][\/et_pb_row][\/et_pb_section][et_pb_section fb_built=&#8221;1&#8243; _builder_version=&#8221;3.18.7&#8243;][et_pb_row module_id=&#8221;yhteystiedot&#8221; _builder_version=&#8221;3.18.7&#8243;][et_pb_column type=&#8221;4_4&#8243; _builder_version=&#8221;3.18.7&#8243; parallax=&#8221;off&#8221; parallax_method=&#8221;on&#8221;][et_pb_text _builder_version=&#8221;3.18.7&#8243; header_font=&#8221;Francois One||||||||&#8221; header_text_align=&#8221;center&#8221; header_text_color=&#8221;#d1a054&#8243; header_font_size=&#8221;46px&#8221; header_font_size_phone=&#8221;35px&#8221; header_font_size_last_edited=&#8221;on|phone&#8221;]<\/p>\n<h1>YHTEYSTIEDOT<\/h1>\n<p>[\/et_pb_text][\/et_pb_column][\/et_pb_row][et_pb_row _builder_version=&#8221;3.18.7&#8243;][et_pb_column type=&#8221;4_4&#8243; _builder_version=&#8221;3.18.7&#8243; parallax=&#8221;off&#8221; parallax_method=&#8221;on&#8221;][et_pb_text _builder_version=&#8221;3.18.7&#8243; text_font=&#8221;Francois One||||||||&#8221; text_font_size=&#8221;20px&#8221; text_line_height=&#8221;1.8em&#8221;]<\/p>\n<p style=\"text-align: center;\"><strong>MP-Huolto<\/strong><br \/> Jarkko Honkanen<br \/> Ratakatu 31, 76100 PIEKS\u00c4M\u00c4KI<br \/> p. 040 7607997<br \/>jarkko.honkanen@mphuolto.fi<br \/> <a href=\"mailto:jarkko.honkanen@mphuolto.fi\">s\u00e4hk\u00f6posti<\/a><\/p>\n<p>[\/et_pb_text][\/et_pb_column][\/et_pb_row][\/et_pb_section]<\/p>\n","protected":false},"excerpt":{"rendered":"<p>[et_pb_section fb_built=&#8221;1&#8243; _builder_version=&#8221;3.18.7&#8243;][et_pb_row make_fullwidth=&#8221;on&#8221; custom_padding=&#8221;0px||0px&#8221; _builder_version=&#8221;3.18.7&#8243; background_color=&#8221;#ffffff&#8221;][et_pb_column type=&#8221;4_4&#8243; _builder_version=&#8221;3.18.7&#8243; parallax=&#8221;off&#8221; parallax_method=&#8221;on&#8221;][et_pb_slider _builder_version=&#8221;3.18.7&#8243; custom_padding=&#8221;15vw||15vw&#8221; auto=&#8221;on&#8221;][et_pb_slide _builder_version=&#8221;3.18.7&#8243; background_image=&#8221;http:\/\/www.mphuolto.fi\/wp-content\/uploads\/2018\/12\/mp-huolto-kansikuva-rc.jpg&#8221;][\/et_pb_slide][et_pb_slide _builder_version=&#8221;3.18.7&#8243; background_image=&#8221;http:\/\/www.mphuolto.fi\/wp-content\/uploads\/2018\/12\/mp-huolto-kansikuva-rata.jpg&#8221; parallax=&#8221;on&#8221;][\/et_pb_slide][et_pb_slide _builder_version=&#8221;3.18.7&#8243; background_image=&#8221;http:\/\/www.mphuolto.fi\/wp-content\/uploads\/2018\/12\/mp-huolto-kansikuva-jaarata.jpg&#8221; parallax=&#8221;on&#8221;][\/et_pb_slide][et_pb_slide _builder_version=&#8221;3.18.7&#8243; background_image=&#8221;http:\/\/www.mphuolto.fi\/wp-content\/uploads\/2018\/12\/MP-huolto-kansikuva-moottorikelkka.jpg&#8221;][\/et_pb_slide][\/et_pb_slider][\/et_pb_column][\/et_pb_row][\/et_pb_section][et_pb_section fb_built=&#8221;1&#8243; _builder_version=&#8221;3.18.7&#8243;][et_pb_row _builder_version=&#8221;3.18.7&#8243;][et_pb_column type=&#8221;4_4&#8243; _builder_version=&#8221;3.18.7&#8243; parallax=&#8221;off&#8221; parallax_method=&#8221;on&#8221;][et_pb_text _builder_version=&#8221;3.18.7&#8243; text_font=&#8221;||||||||&#8221; text_font_size=&#8221;16px&#8221; text_line_height=&#8221;1.8em&#8221; header_font=&#8221;Francois One||||||||&#8221; header_text_align=&#8221;center&#8221; header_text_color=&#8221;#d1a054&#8243; header_font_size=&#8221;70px&#8221; header_font_size_phone=&#8221;45px&#8221; header_font_size_last_edited=&#8221;on|phone&#8221; header_2_font=&#8221;Francois One||||||||&#8221; header_2_text_align=&#8221;center&#8221; header_2_text_color=&#8221;#d1a054&#8243; header_2_font_size=&#8221;37px&#8221; header_2_font_size_phone=&#8221;20px&#8221; header_2_font_size_last_edited=&#8221;on|phone&#8221; custom_margin=&#8221;|15px||15px&#8221;] MP-HUOLTO JARKKO HONKANEN iskunvaimentimien erikoisosaamista [&hellip;]<\/p>\n","protected":false},"author":1,"featured_media":0,"parent":0,"menu_order":0,"comment_status":"closed","ping_status":"closed","template":"","meta":{"_et_pb_use_builder":"on","_et_pb_old_content":"","footnotes":""},"class_list":["post-6","page","type-page","status-publish","hentry"],"_links":{"self":[{"href":"https:\/\/www.mphuolto.fi\/index.php\/wp-json\/wp\/v2\/pages\/6","targetHints":{"allow":["GET"]}}],"collection":[{"href":"https:\/\/www.mphuolto.fi\/index.php\/wp-json\/wp\/v2\/pages"}],"about":[{"href":"https:\/\/www.mphuolto.fi\/index.php\/wp-json\/wp\/v2\/types\/page"}],"author":[{"embeddable":true,"href":"https:\/\/www.mphuolto.fi\/index.php\/wp-json\/wp\/v2\/users\/1"}],"replies":[{"embeddable":true,"href":"https:\/\/www.mphuolto.fi\/index.php\/wp-json\/wp\/v2\/comments?post=6"}],"version-history":[{"count":37,"href":"https:\/\/www.mphuolto.fi\/index.php\/wp-json\/wp\/v2\/pages\/6\/revisions"}],"predecessor-version":[{"id":121,"href":"https:\/\/www.mphuolto.fi\/index.php\/wp-json\/wp\/v2\/pages\/6\/revisions\/121"}],"wp:attachment":[{"href":"https:\/\/www.mphuolto.fi\/index.php\/wp-json\/wp\/v2\/media?parent=6"}],"curies":[{"name":"wp","href":"https:\/\/api.w.org\/{rel}","templated":true}]}}